{"id":48,"date":"2019-04-18T11:12:45","date_gmt":"2019-04-18T11:12:45","guid":{"rendered":"https:\/\/envothemes.com\/envo-ecommerce\/?page_id=48"},"modified":"2024-07-23T22:39:42","modified_gmt":"2024-07-23T22:39:42","slug":"contact","status":"publish","type":"page","link":"https:\/\/drukisklep.pl\/index.php\/contact\/","title":{"rendered":"Kontakt"},"content":{"rendered":"\t\t<div data-elementor-type=\"wp-post\" data-elementor-id=\"48\" class=\"elementor elementor-48\">\n\t\t\t\t\t\t<section class=\"elementor-section elementor-top-section elementor-element elementor-element-556e4afc elementor-section-boxed elementor-section-height-default elementor-section-height-default\" data-id=\"556e4afc\" data-element_type=\"section\" data-e-type=\"section\" data-settings=\"{&quot;background_background&quot;:&quot;classic&quot;}\">\n\t\t\t\t\t\t\t<div class=\"elementor-background-overlay\"><\/div>\n\t\t\t\t\t\t\t<div class=\"elementor-container elementor-column-gap-default\">\n\t\t\t\t\t<div class=\"elementor-column elementor-col-100 elementor-top-column elementor-element elementor-element-dfde28a\" data-id=\"dfde28a\" data-element_type=\"column\" data-e-type=\"column\">\n\t\t\t<div class=\"elementor-widget-wrap elementor-element-populated\">\n\t\t\t\t\t\t<div class=\"elementor-element elementor-element-7a2f75f9 elementor-widget elementor-widget-menu-anchor\" data-id=\"7a2f75f9\" data-element_type=\"widget\" data-e-type=\"widget\" data-widget_type=\"menu-anchor.default\">\n\t\t\t\t\t\t\t<div class=\"elementor-menu-anchor\" id=\"home\"><\/div>\n\t\t\t\t\t\t<\/div>\n\t\t\t\t<div class=\"elementor-element elementor-element-71543eb0 elementor-widget__width-initial elementor-widget elementor-widget-heading\" data-id=\"71543eb0\" data-element_type=\"widget\" data-e-type=\"widget\" data-widget_type=\"heading.default\">\n\t\t\t\t\t<h2 class=\"elementor-heading-title elementor-size-large\">Jak mo\u017cemy <br>Ci pom\u00f3c?<\/h2>\t\t\t\t<\/div>\n\t\t\t\t<div class=\"elementor-element elementor-element-75e8ff0f elementor-widget-divider--view-line elementor-widget elementor-widget-divider\" data-id=\"75e8ff0f\" data-element_type=\"widget\" data-e-type=\"widget\" data-widget_type=\"divider.default\">\n\t\t\t\t\t\t\t<div class=\"elementor-divider\">\n\t\t\t<span class=\"elementor-divider-separator\">\n\t\t\t\t\t\t<\/span>\n\t\t<\/div>\n\t\t\t\t\t\t<\/div>\n\t\t\t\t<div class=\"elementor-element elementor-element-4f0e3029 elementor-widget elementor-widget-heading\" data-id=\"4f0e3029\" data-element_type=\"widget\" data-e-type=\"widget\" data-widget_type=\"heading.default\">\n\t\t\t\t\t<h3 class=\"elementor-heading-title elementor-size-large\">Masz pytanie? <br>Jeste\u015bmy po to, aby doradzi\u0107 Ci najlepiej jak umiemy. \nZach\u0119camy do kontaktu \ud83d\ude42<\/h3>\t\t\t\t<\/div>\n\t\t\t\t\t<\/div>\n\t\t<\/div>\n\t\t\t\t\t<\/div>\n\t\t<\/section>\n\t\t\t\t<section class=\"elementor-section elementor-top-section elementor-element elementor-element-4e4c06e4 elementor-section-full_width elementor-section-height-min-height elementor-section-items-stretch elementor-section-content-middle elementor-section-height-default\" data-id=\"4e4c06e4\" data-element_type=\"section\" data-e-type=\"section\">\n\t\t\t\t\t\t<div class=\"elementor-container elementor-column-gap-default\">\n\t\t\t\t\t<div class=\"elementor-column elementor-col-50 elementor-top-column elementor-element elementor-element-65626cdf\" data-id=\"65626cdf\" data-element_type=\"column\" data-e-type=\"column\" data-settings=\"{&quot;background_background&quot;:&quot;none&quot;}\">\n\t\t\t<div class=\"elementor-widget-wrap elementor-element-populated\">\n\t\t\t\t\t\t<div class=\"elementor-element elementor-element-28f311ba elementor-widget elementor-widget-heading\" data-id=\"28f311ba\" data-element_type=\"widget\" data-e-type=\"widget\" data-widget_type=\"heading.default\">\n\t\t\t\t\t<h2 class=\"elementor-heading-title elementor-size-large\">Kontakt<\/h2>\t\t\t\t<\/div>\n\t\t\t\t<div class=\"elementor-element elementor-element-28e8c7ce elementor-widget-divider--view-line elementor-widget elementor-widget-divider\" data-id=\"28e8c7ce\" data-element_type=\"widget\" data-e-type=\"widget\" data-widget_type=\"divider.default\">\n\t\t\t\t\t\t\t<div class=\"elementor-divider\">\n\t\t\t<span class=\"elementor-divider-separator\">\n\t\t\t\t\t\t<\/span>\n\t\t<\/div>\n\t\t\t\t\t\t<\/div>\n\t\t\t\t<div class=\"elementor-element elementor-element-6eb0fc4b elementor-widget elementor-widget-heading\" data-id=\"6eb0fc4b\" data-element_type=\"widget\" data-e-type=\"widget\" data-widget_type=\"heading.default\">\n\t\t\t\t\t<p class=\"elementor-heading-title elementor-size-large\">LGrafik<br>K\u0119pka Szlachecka 12<br>87-820 Kowal<br>NIP: 888 299 68 32<\/p>\t\t\t\t<\/div>\n\t\t\t\t\t<\/div>\n\t\t<\/div>\n\t\t\t\t<div class=\"elementor-column elementor-col-50 elementor-top-column elementor-element elementor-element-1cda619d\" data-id=\"1cda619d\" data-element_type=\"column\" data-e-type=\"column\" data-settings=\"{&quot;background_background&quot;:&quot;classic&quot;}\">\n\t\t\t<div class=\"elementor-widget-wrap elementor-element-populated\">\n\t\t\t\t\t\t<div class=\"elementor-element elementor-element-65892f89 elementor-icon-list--layout-traditional elementor-list-item-link-full_width elementor-widget elementor-widget-icon-list\" data-id=\"65892f89\" data-element_type=\"widget\" data-e-type=\"widget\" data-widget_type=\"icon-list.default\">\n\t\t\t\t\t\t\t<ul class=\"elementor-icon-list-items\">\n\t\t\t\t\t\t\t<li class=\"elementor-icon-list-item\">\n\t\t\t\t\t\t\t\t\t\t\t<span class=\"elementor-icon-list-icon\">\n\t\t\t\t\t\t\t<i aria-hidden=\"true\" class=\"far fa-envelope\"><\/i>\t\t\t\t\t\t<\/span>\n\t\t\t\t\t\t\t\t\t\t<span class=\"elementor-icon-list-text\">drukisklep[at]wp.pl<\/span>\n\t\t\t\t\t\t\t\t\t<\/li>\n\t\t\t\t\t\t\t\t<li class=\"elementor-icon-list-item\">\n\t\t\t\t\t\t\t\t\t\t\t<span class=\"elementor-icon-list-icon\">\n\t\t\t\t\t\t\t<i aria-hidden=\"true\" class=\"fas fa-phone\"><\/i>\t\t\t\t\t\t<\/span>\n\t\t\t\t\t\t\t\t\t\t<span class=\"elementor-icon-list-text\">+48 784-124-294<\/span>\n\t\t\t\t\t\t\t\t\t<\/li>\n\t\t\t\t\t\t<\/ul>\n\t\t\t\t\t\t<\/div>\n\t\t\t\t\t<\/div>\n\t\t<\/div>\n\t\t\t\t\t<\/div>\n\t\t<\/section>\n\t\t\t\t<\/div>\n\t\t","protected":false},"excerpt":{"rendered":"<p>Jak mo\u017cemy Ci pom\u00f3c? Masz pytanie? Jeste\u015bmy po to, aby doradzi\u0107 Ci najlepiej jak umiemy. Zach\u0119camy do kontaktu \ud83d\ude42 Kontakt&hellip;<\/p>\n","protected":false},"author":1,"featured_media":0,"parent":0,"menu_order":0,"comment_status":"closed","ping_status":"closed","template":"template-parts\/template-page-builders.php","meta":{"footnotes":""},"class_list":["post-48","page","type-page","status-publish","hentry"],"yoast_head":"<!-- This site is optimized with the Yoast SEO plugin v27.3 - https:\/\/yoast.com\/product\/yoast-seo-wordpress\/ -->\n<title>Kontakt - Druki sklep<\/title>\n<meta name=\"robots\" content=\"index, follow, max-snippet:-1, max-image-preview:large, max-video-preview:-1\" \/>\n<link rel=\"canonical\" href=\"https:\/\/drukisklep.pl\/index.php\/contact\/\" \/>\n<meta property=\"og:locale\" content=\"pl_PL\" \/>\n<meta property=\"og:type\" content=\"article\" \/>\n<meta property=\"og:title\" content=\"Kontakt - Druki sklep\" \/>\n<meta property=\"og:description\" content=\"Jak mo\u017cemy Ci pom\u00f3c? Masz pytanie? Jeste\u015bmy po to, aby doradzi\u0107 Ci najlepiej jak umiemy. Zach\u0119camy do kontaktu \ud83d\ude42 Kontakt&hellip;\" \/>\n<meta property=\"og:url\" content=\"https:\/\/drukisklep.pl\/index.php\/contact\/\" \/>\n<meta property=\"og:site_name\" content=\"Druki sklep\" \/>\n<meta property=\"article:modified_time\" content=\"2024-07-23T22:39:42+00:00\" \/>\n<meta name=\"twitter:card\" content=\"summary_large_image\" \/>\n<script type=\"application\/ld+json\" class=\"yoast-schema-graph\">{\"@context\":\"https:\\\/\\\/schema.org\",\"@graph\":[{\"@type\":\"WebPage\",\"@id\":\"https:\\\/\\\/drukisklep.pl\\\/index.php\\\/contact\\\/\",\"url\":\"https:\\\/\\\/drukisklep.pl\\\/index.php\\\/contact\\\/\",\"name\":\"Kontakt - Druki sklep\",\"isPartOf\":{\"@id\":\"https:\\\/\\\/drukisklep.pl\\\/#website\"},\"datePublished\":\"2019-04-18T11:12:45+00:00\",\"dateModified\":\"2024-07-23T22:39:42+00:00\",\"breadcrumb\":{\"@id\":\"https:\\\/\\\/drukisklep.pl\\\/index.php\\\/contact\\\/#breadcrumb\"},\"inLanguage\":\"pl-PL\",\"potentialAction\":[{\"@type\":\"ReadAction\",\"target\":[\"https:\\\/\\\/drukisklep.pl\\\/index.php\\\/contact\\\/\"]}]},{\"@type\":\"BreadcrumbList\",\"@id\":\"https:\\\/\\\/drukisklep.pl\\\/index.php\\\/contact\\\/#breadcrumb\",\"itemListElement\":[{\"@type\":\"ListItem\",\"position\":1,\"name\":\"Strona g\u0142\u00f3wna\",\"item\":\"https:\\\/\\\/drukisklep.pl\\\/\"},{\"@type\":\"ListItem\",\"position\":2,\"name\":\"Kontakt\"}]},{\"@type\":\"WebSite\",\"@id\":\"https:\\\/\\\/drukisklep.pl\\\/#website\",\"url\":\"https:\\\/\\\/drukisklep.pl\\\/\",\"name\":\"Druki sklep\",\"description\":\"Polskie druki akcydensowe\",\"publisher\":{\"@id\":\"https:\\\/\\\/drukisklep.pl\\\/#organization\"},\"potentialAction\":[{\"@type\":\"SearchAction\",\"target\":{\"@type\":\"EntryPoint\",\"urlTemplate\":\"https:\\\/\\\/drukisklep.pl\\\/?s={search_term_string}\"},\"query-input\":{\"@type\":\"PropertyValueSpecification\",\"valueRequired\":true,\"valueName\":\"search_term_string\"}}],\"inLanguage\":\"pl-PL\"},{\"@type\":\"Organization\",\"@id\":\"https:\\\/\\\/drukisklep.pl\\\/#organization\",\"name\":\"Druki sklep\",\"url\":\"https:\\\/\\\/drukisklep.pl\\\/\",\"logo\":{\"@type\":\"ImageObject\",\"inLanguage\":\"pl-PL\",\"@id\":\"https:\\\/\\\/drukisklep.pl\\\/#\\\/schema\\\/logo\\\/image\\\/\",\"url\":\"https:\\\/\\\/drukisklep.pl\\\/wp-content\\\/uploads\\\/2022\\\/03\\\/cropped-drukisklep-pl-logo-2.png\",\"contentUrl\":\"https:\\\/\\\/drukisklep.pl\\\/wp-content\\\/uploads\\\/2022\\\/03\\\/cropped-drukisklep-pl-logo-2.png\",\"width\":400,\"height\":91,\"caption\":\"Druki sklep\"},\"image\":{\"@id\":\"https:\\\/\\\/drukisklep.pl\\\/#\\\/schema\\\/logo\\\/image\\\/\"}}]}<\/script>\n<!-- \/ Yoast SEO plugin. -->","yoast_head_json":{"title":"Kontakt - Druki sklep","robots":{"index":"index","follow":"follow","max-snippet":"max-snippet:-1","max-image-preview":"max-image-preview:large","max-video-preview":"max-video-preview:-1"},"canonical":"https:\/\/drukisklep.pl\/index.php\/contact\/","og_locale":"pl_PL","og_type":"article","og_title":"Kontakt - Druki sklep","og_description":"Jak mo\u017cemy Ci pom\u00f3c? Masz pytanie? Jeste\u015bmy po to, aby doradzi\u0107 Ci najlepiej jak umiemy. Zach\u0119camy do kontaktu \ud83d\ude42 Kontakt&hellip;","og_url":"https:\/\/drukisklep.pl\/index.php\/contact\/","og_site_name":"Druki sklep","article_modified_time":"2024-07-23T22:39:42+00:00","twitter_card":"summary_large_image","schema":{"@context":"https:\/\/schema.org","@graph":[{"@type":"WebPage","@id":"https:\/\/drukisklep.pl\/index.php\/contact\/","url":"https:\/\/drukisklep.pl\/index.php\/contact\/","name":"Kontakt - Druki sklep","isPartOf":{"@id":"https:\/\/drukisklep.pl\/#website"},"datePublished":"2019-04-18T11:12:45+00:00","dateModified":"2024-07-23T22:39:42+00:00","breadcrumb":{"@id":"https:\/\/drukisklep.pl\/index.php\/contact\/#breadcrumb"},"inLanguage":"pl-PL","potentialAction":[{"@type":"ReadAction","target":["https:\/\/drukisklep.pl\/index.php\/contact\/"]}]},{"@type":"BreadcrumbList","@id":"https:\/\/drukisklep.pl\/index.php\/contact\/#breadcrumb","itemListElement":[{"@type":"ListItem","position":1,"name":"Strona g\u0142\u00f3wna","item":"https:\/\/drukisklep.pl\/"},{"@type":"ListItem","position":2,"name":"Kontakt"}]},{"@type":"WebSite","@id":"https:\/\/drukisklep.pl\/#website","url":"https:\/\/drukisklep.pl\/","name":"Druki sklep","description":"Polskie druki akcydensowe","publisher":{"@id":"https:\/\/drukisklep.pl\/#organization"},"potentialAction":[{"@type":"SearchAction","target":{"@type":"EntryPoint","urlTemplate":"https:\/\/drukisklep.pl\/?s={search_term_string}"},"query-input":{"@type":"PropertyValueSpecification","valueRequired":true,"valueName":"search_term_string"}}],"inLanguage":"pl-PL"},{"@type":"Organization","@id":"https:\/\/drukisklep.pl\/#organization","name":"Druki sklep","url":"https:\/\/drukisklep.pl\/","logo":{"@type":"ImageObject","inLanguage":"pl-PL","@id":"https:\/\/drukisklep.pl\/#\/schema\/logo\/image\/","url":"https:\/\/drukisklep.pl\/wp-content\/uploads\/2022\/03\/cropped-drukisklep-pl-logo-2.png","contentUrl":"https:\/\/drukisklep.pl\/wp-content\/uploads\/2022\/03\/cropped-drukisklep-pl-logo-2.png","width":400,"height":91,"caption":"Druki sklep"},"image":{"@id":"https:\/\/drukisklep.pl\/#\/schema\/logo\/image\/"}}]}},"_links":{"self":[{"href":"https:\/\/drukisklep.pl\/index.php\/wp-json\/wp\/v2\/pages\/48","targetHints":{"allow":["GET"]}}],"collection":[{"href":"https:\/\/drukisklep.pl\/index.php\/wp-json\/wp\/v2\/pages"}],"about":[{"href":"https:\/\/drukisklep.pl\/index.php\/wp-json\/wp\/v2\/types\/page"}],"author":[{"embeddable":true,"href":"https:\/\/drukisklep.pl\/index.php\/wp-json\/wp\/v2\/users\/1"}],"replies":[{"embeddable":true,"href":"https:\/\/drukisklep.pl\/index.php\/wp-json\/wp\/v2\/comments?post=48"}],"version-history":[{"count":7,"href":"https:\/\/drukisklep.pl\/index.php\/wp-json\/wp\/v2\/pages\/48\/revisions"}],"predecessor-version":[{"id":735,"href":"https:\/\/drukisklep.pl\/index.php\/wp-json\/wp\/v2\/pages\/48\/revisions\/735"}],"wp:attachment":[{"href":"https:\/\/drukisklep.pl\/index.php\/wp-json\/wp\/v2\/media?parent=48"}],"curies":[{"name":"wp","href":"https:\/\/api.w.org\/{rel}","templated":true}]}}